{"id":788,"date":"2026-03-15T16:10:42","date_gmt":"2026-03-15T16:10:42","guid":{"rendered":"https:\/\/staging2.agrelliebasta.it\/termini-e-condizioni\/"},"modified":"2026-05-07T09:43:34","modified_gmt":"2026-05-07T09:43:34","slug":"termini-e-condizioni","status":"publish","type":"page","link":"https:\/\/staging2.agrelliebasta.it\/it\/termini-e-condizioni\/","title":{"rendered":"Termini e condizioni"},"content":{"rendered":"\t\t<div data-elementor-type=\"wp-page\" data-elementor-id=\"788\" class=\"elementor elementor-788 elementor-266\" data-elementor-post-type=\"page\">\n\t\t\t\t<div class=\"elementor-element elementor-element-b308db7 e-flex e-con-boxed e-con e-parent\" data-id=\"b308db7\" data-element_type=\"container\" data-e-type=\"container\">\n\t\t\t\t\t<div class=\"e-con-inner\">\n\t\t\t\t<div class=\"elementor-element elementor-element-9154725 elementor-widget elementor-widget-heading\" data-id=\"9154725\" data-element_type=\"widget\" data-e-type=\"widget\" data-widget_type=\"heading.default\">\n\t\t\t\t\t<h1 class=\"elementor-heading-title elementor-size-default\">Termini e condizioni<\/h1>\t\t\t\t<\/div>\n\t\t\t\t<div class=\"elementor-element elementor-element-743860c elementor-widget elementor-widget-text-editor\" data-id=\"743860c\" data-element_type=\"widget\" data-e-type=\"widget\" data-widget_type=\"text-editor.default\">\n\t\t\t\t\t\t\t\t\t<p>Il sito www.lcparthenope.com ha finalit\u00e0 informative e promozionali dei servizi di travel design e concierge offerti da LC Parthenope. LC Parthenope opera come atelier indipendente di travel design e concierge.<\/p><p>I servizi offerti consistono nella progettazione personalizzata dell\u2019esperienza, nella consulenza e nel coordinamento operativo tra il cliente e fornitori terzi selezionati. LC Parthenope non opera in qualit\u00e0 di tour operator n\u00e9 organizza pacchetti turistici ai sensi della normativa vigente. I contratti relativi ai singoli servizi (ospitalit\u00e0, trasporti, esperienze, eventi, ecc.) sono conclusi direttamente tra il cliente e i fornitori terzi, salvo diverso specifico mandato. Il rapporto professionale si intende avviato a seguito di conferma scritta e accettazione del preventivo. Eventuali fee di consulenza sono dovute per l\u2019attivit\u00e0 creativa e progettuale svolta.<\/p><p>LC Parthenope seleziona partner qualificati, ma non risponde per eventuali inadempienze imputabili direttamente ai fornitori terzi. LC Parthenope non \u00e8 responsabile per eventi di forza maggiore o circostanze imprevedibili. Tutti i contenuti del sito (testi, immagini, logo, design) sono di propriet\u00e0 di LC Parthenope o concessi in licenza. \u00c8 vietata la riproduzione non autorizzata. LC Parthenope non garantisce l\u2019assenza di errori o interruzioni tecniche del sito. Eventuali link esterni non implicano responsabilit\u00e0 sui contenuti dei siti terzi.Le presenti condizioni sono regolate dalla legge italiana. Foro competente: Napoli, Italia.<\/p>\t\t\t\t\t\t\t\t<\/div>\n\t\t\t\t\t<\/div>\n\t\t\t\t<\/div>\n\t\t\t\t<\/div>\n\t\t","protected":false},"excerpt":{"rendered":"<p>Termini e condizioni Il sito www.lcparthenope.com ha finalit\u00e0 informative e promozionali dei servizi di travel design e concierge offerti da LC Parthenope. LC Parthenope opera come atelier indipendente di travel design e concierge. I servizi offerti consistono nella progettazione personalizzata dell\u2019esperienza, nella consulenza e nel coordinamento operativo tra il cliente e fornitori terzi selezionati. LC [&hellip;]<\/p>\n","protected":false},"author":1,"featured_media":0,"parent":0,"menu_order":0,"comment_status":"closed","ping_status":"closed","template":"","meta":{"footnotes":""},"class_list":["post-788","page","type-page","status-publish","hentry"],"_links":{"self":[{"href":"https:\/\/staging2.agrelliebasta.it\/it\/wp-json\/wp\/v2\/pages\/788","targetHints":{"allow":["GET"]}}],"collection":[{"href":"https:\/\/staging2.agrelliebasta.it\/it\/wp-json\/wp\/v2\/pages"}],"about":[{"href":"https:\/\/staging2.agrelliebasta.it\/it\/wp-json\/wp\/v2\/types\/page"}],"author":[{"embeddable":true,"href":"https:\/\/staging2.agrelliebasta.it\/it\/wp-json\/wp\/v2\/users\/1"}],"replies":[{"embeddable":true,"href":"https:\/\/staging2.agrelliebasta.it\/it\/wp-json\/wp\/v2\/comments?post=788"}],"version-history":[{"count":1,"href":"https:\/\/staging2.agrelliebasta.it\/it\/wp-json\/wp\/v2\/pages\/788\/revisions"}],"predecessor-version":[{"id":789,"href":"https:\/\/staging2.agrelliebasta.it\/it\/wp-json\/wp\/v2\/pages\/788\/revisions\/789"}],"wp:attachment":[{"href":"https:\/\/staging2.agrelliebasta.it\/it\/wp-json\/wp\/v2\/media?parent=788"}],"curies":[{"name":"wp","href":"https:\/\/api.w.org\/{rel}","templated":true}]}}