{"id":744,"date":"2026-03-12T08:40:44","date_gmt":"2026-03-12T08:40:44","guid":{"rendered":"https:\/\/staging2.agrelliebasta.it\/esperienze\/"},"modified":"2026-05-07T09:31:53","modified_gmt":"2026-05-07T09:31:53","slug":"esperienze","status":"publish","type":"page","link":"https:\/\/staging2.agrelliebasta.it\/it\/esperienze\/","title":{"rendered":"Esperienze"},"content":{"rendered":"\t\t<div data-elementor-type=\"wp-page\" data-elementor-id=\"744\" class=\"elementor elementor-744 elementor-106\" data-elementor-post-type=\"page\">\n\t\t\t\t<div class=\"elementor-element elementor-element-db436dd e-flex e-con-boxed e-con e-parent\" data-id=\"db436dd\" data-element_type=\"container\" data-e-type=\"container\" data-settings=\"{&quot;background_background&quot;:&quot;classic&quot;}\">\n\t\t\t\t\t<div class=\"e-con-inner\">\n\t\t\t\t<div class=\"elementor-element elementor-element-51752cb elementor-widget elementor-widget-heading\" data-id=\"51752cb\" data-element_type=\"widget\" data-e-type=\"widget\" data-widget_type=\"heading.default\">\n\t\t\t\t\t<h4 class=\"elementor-heading-title elementor-size-default\">Un territorio. <br>molte interpretazioni<\/h4>\t\t\t\t<\/div>\n\t\t\t\t<div class=\"elementor-element elementor-element-0054e33 elementor-widget elementor-widget-text-editor\" data-id=\"0054e33\" data-element_type=\"widget\" data-e-type=\"widget\" data-widget_type=\"text-editor.default\">\n\t\t\t\t\t\t\t\t\t<p>Arte, archeologia, spiritualit\u00e0, tradizione enogastronomica, cultura sartoriale e artigianale confluiscono in un disegno costruito su misura.<\/p>\t\t\t\t\t\t\t\t<\/div>\n\t\t\t\t<div class=\"elementor-element elementor-element-be101c7 elementor-widget elementor-widget-button\" data-id=\"be101c7\" data-element_type=\"widget\" data-e-type=\"widget\" data-widget_type=\"button.default\">\n\t\t\t\t\t\t\t\t\t\t<a class=\"elementor-button elementor-button-link elementor-size-sm\" href=\"#down\">\n\t\t\t\t\t\t<span class=\"elementor-button-content-wrapper\">\n\t\t\t\t\t\t\t\t\t<span class=\"elementor-button-text\">ESPLORA<\/span>\n\t\t\t\t\t<\/span>\n\t\t\t\t\t<\/a>\n\t\t\t\t\t\t\t\t<\/div>\n\t\t\t\t\t<\/div>\n\t\t\t\t<\/div>\n\t\t<div class=\"elementor-element elementor-element-8aea809 e-flex e-con-boxed e-con e-parent\" data-id=\"8aea809\" data-element_type=\"container\" data-e-type=\"container\">\n\t\t\t\t\t<div class=\"e-con-inner\">\n\t\t\t\t<div class=\"elementor-element elementor-element-e5d446e elementor-widget elementor-widget-heading\" data-id=\"e5d446e\" data-element_type=\"widget\" data-e-type=\"widget\" data-widget_type=\"heading.default\">\n\t\t\t\t\t<h4 class=\"elementor-heading-title elementor-size-default\">Queste esperienze non definiscono un percorso.<br>Lo aprono.<\/h4>\t\t\t\t<\/div>\n\t\t\t\t<div class=\"elementor-element elementor-element-2f9b42d elementor-widget elementor-widget-text-editor\" data-id=\"2f9b42d\" data-element_type=\"widget\" data-e-type=\"widget\" data-widget_type=\"text-editor.default\">\n\t\t\t\t\t\t\t\t\t<p>Sono accessi, incontri e prospettive che si modellano attorno alla persona, prendendo forma in modo diverso per ogni viaggiatore.<\/p><p>LC Parthenope seleziona e orchestra momenti che permettono di attraversare Napoli e il Mediterraneo con uno sguardo pi\u00f9 profondo e consapevole.<\/p><p>Ogni proposta \u00e8 un punto di partenza. Mai una formula definitiva.<\/p><p>Il disegno finale nasce dal dialogo.<\/p>\t\t\t\t\t\t\t\t<\/div>\n\t\t\t\t\t<\/div>\n\t\t\t\t<\/div>\n\t\t<div class=\"elementor-element elementor-element-5278287 e-flex e-con-boxed e-con e-parent\" data-id=\"5278287\" data-element_type=\"container\" data-e-type=\"container\">\n\t\t\t\t\t<div class=\"e-con-inner\">\n\t\t<div class=\"elementor-element elementor-element-8741e20 e-con-full e-flex e-con e-child\" data-id=\"8741e20\" data-element_type=\"container\" data-e-type=\"container\">\n\t\t\t\t<div class=\"elementor-element elementor-element-ff1d9c7 experience-door-title elementor-widget elementor-widget-heading\" data-id=\"ff1d9c7\" data-element_type=\"widget\" data-e-type=\"widget\" data-widget_type=\"heading.default\">\n\t\t\t\t\t<h3 class=\"elementor-heading-title elementor-size-default\">Esperienze<\/h3>\t\t\t\t<\/div>\n\t\t\t\t<\/div>\n\t\t<div class=\"elementor-element elementor-element-8166501 e-con-full experience-door e-flex e-con e-child\" data-id=\"8166501\" data-element_type=\"container\" data-e-type=\"container\">\n\t\t\t\t<div class=\"elementor-element elementor-element-820f87f elementor-widget elementor-widget-heading\" data-id=\"820f87f\" data-element_type=\"widget\" data-e-type=\"widget\" data-widget_type=\"heading.default\">\n\t\t\t\t\t<p class=\"elementor-heading-title elementor-size-default\">Porte verso mondi insoliti<\/p>\t\t\t\t<\/div>\n\t\t\t\t<\/div>\n\t\t<div class=\"elementor-element elementor-element-7e0fa6f e-con-full experience-slider e-flex e-con e-child\" data-id=\"7e0fa6f\" data-element_type=\"container\" data-e-type=\"container\">\n\t\t<div class=\"elementor-element elementor-element-041fbbe e-con-full e-flex e-con e-child\" data-id=\"041fbbe\" data-element_type=\"container\" data-e-type=\"container\">\n\t\t\t\t<div class=\"elementor-element elementor-element-ffd0a8f elementor-widget elementor-widget-image\" data-id=\"ffd0a8f\" data-element_type=\"widget\" data-e-type=\"widget\" data-widget_type=\"image.default\">\n\t\t\t\t\t\t\t\t\t\t\t\t\t\t\t<img fetchpriority=\"high\" decoding=\"async\" width=\"800\" height=\"600\" src=\"https:\/\/staging2.agrelliebasta.it\/wp-content\/uploads\/2026\/03\/lc-partenope-cultural_archaeological_experiences-1024x768.jpg\" class=\"attachment-large size-large wp-image-689\" alt=\"\" srcset=\"https:\/\/staging2.agrelliebasta.it\/wp-content\/uploads\/2026\/03\/lc-partenope-cultural_archaeological_experiences-1024x768.jpg 1024w, https:\/\/staging2.agrelliebasta.it\/wp-content\/uploads\/2026\/03\/lc-partenope-cultural_archaeological_experiences-300x225.jpg 300w, https:\/\/staging2.agrelliebasta.it\/wp-content\/uploads\/2026\/03\/lc-partenope-cultural_archaeological_experiences-768x576.jpg 768w, https:\/\/staging2.agrelliebasta.it\/wp-content\/uploads\/2026\/03\/lc-partenope-cultural_archaeological_experiences.jpg 1080w\" sizes=\"(max-width: 800px) 100vw, 800px\" \/>\t\t\t\t\t\t\t\t\t\t\t\t\t\t\t<\/div>\n\t\t\t\t<div class=\"elementor-element elementor-element-85dba6e elementor-widget elementor-widget-heading\" data-id=\"85dba6e\" data-element_type=\"widget\" data-e-type=\"widget\" data-widget_type=\"heading.default\">\n\t\t\t\t\t<p class=\"elementor-heading-title elementor-size-default\">Culturali<\/p>\t\t\t\t<\/div>\n\t\t\t\t<div class=\"elementor-element elementor-element-acf4ab5 elementor-widget elementor-widget-text-editor\" data-id=\"acf4ab5\" data-element_type=\"widget\" data-e-type=\"widget\" data-widget_type=\"text-editor.default\">\n\t\t\t\t\t\t\t\t\t<p>Arte, architettura e memoria si rivelano attraverso visite private a musei, collezioni riservate e percorsi d\u2019arte interpretati da guide specializzate.<\/p><p>Luoghi custoditi, accessi fuori orario e dimore storiche raccontano la stratificazione di una citt\u00e0 millenaria, oltre la superficie e i percorsi convenzionali.<\/p>\t\t\t\t\t\t\t\t<\/div>\n\t\t\t\t<\/div>\n\t\t<div class=\"elementor-element elementor-element-88eb24f e-con-full e-flex e-con e-child\" data-id=\"88eb24f\" data-element_type=\"container\" data-e-type=\"container\">\n\t\t\t\t<div class=\"elementor-element elementor-element-360ea8d elementor-widget elementor-widget-image\" data-id=\"360ea8d\" data-element_type=\"widget\" data-e-type=\"widget\" data-widget_type=\"image.default\">\n\t\t\t\t\t\t\t\t\t\t\t\t\t\t\t<img decoding=\"async\" width=\"800\" height=\"534\" src=\"https:\/\/staging2.agrelliebasta.it\/wp-content\/uploads\/2026\/03\/lc-partenope-culinary_wine_experience-1024x683.jpg\" class=\"attachment-large size-large wp-image-690\" alt=\"\" srcset=\"https:\/\/staging2.agrelliebasta.it\/wp-content\/uploads\/2026\/03\/lc-partenope-culinary_wine_experience-1024x683.jpg 1024w, https:\/\/staging2.agrelliebasta.it\/wp-content\/uploads\/2026\/03\/lc-partenope-culinary_wine_experience-300x200.jpg 300w, https:\/\/staging2.agrelliebasta.it\/wp-content\/uploads\/2026\/03\/lc-partenope-culinary_wine_experience-768x512.jpg 768w, https:\/\/staging2.agrelliebasta.it\/wp-content\/uploads\/2026\/03\/lc-partenope-culinary_wine_experience.jpg 1080w\" sizes=\"(max-width: 800px) 100vw, 800px\" \/>\t\t\t\t\t\t\t\t\t\t\t\t\t\t\t<\/div>\n\t\t\t\t<div class=\"elementor-element elementor-element-40874bf elementor-widget elementor-widget-heading\" data-id=\"40874bf\" data-element_type=\"widget\" data-e-type=\"widget\" data-widget_type=\"heading.default\">\n\t\t\t\t\t<p class=\"elementor-heading-title elementor-size-default\">Enogastronomiche<\/p>\t\t\t\t<\/div>\n\t\t\t\t<div class=\"elementor-element elementor-element-dc6d785 elementor-widget elementor-widget-text-editor\" data-id=\"dc6d785\" data-element_type=\"widget\" data-e-type=\"widget\" data-widget_type=\"text-editor.default\">\n\t\t\t\t\t\t\t\t\t<p>La cucina diventa racconto del territorio e della sua identit\u00e0.<\/p><p>Cene private in dimore storiche, chef dedicati, degustazioni riservate e percorsi enologici selezionati tra citt\u00e0 e paesaggi mediterranei trasformano ingredienti e stagioni in un\u2019esperienza che intreccia tradizione, visione contemporanea e memoria culturale.<\/p>\t\t\t\t\t\t\t\t<\/div>\n\t\t\t\t<\/div>\n\t\t<div class=\"elementor-element elementor-element-573d9c9 e-con-full e-flex e-con e-child\" data-id=\"573d9c9\" data-element_type=\"container\" data-e-type=\"container\">\n\t\t\t\t<div class=\"elementor-element elementor-element-f6d0410 elementor-widget elementor-widget-image\" data-id=\"f6d0410\" data-element_type=\"widget\" data-e-type=\"widget\" data-widget_type=\"image.default\">\n\t\t\t\t\t\t\t\t\t\t\t\t\t\t\t<img decoding=\"async\" width=\"800\" height=\"450\" src=\"https:\/\/staging2.agrelliebasta.it\/wp-content\/uploads\/2026\/03\/lc-partenope-Nature-Experiences-1024x576.jpg\" class=\"attachment-large size-large wp-image-691\" alt=\"\" srcset=\"https:\/\/staging2.agrelliebasta.it\/wp-content\/uploads\/2026\/03\/lc-partenope-Nature-Experiences-1024x576.jpg 1024w, https:\/\/staging2.agrelliebasta.it\/wp-content\/uploads\/2026\/03\/lc-partenope-Nature-Experiences-300x169.jpg 300w, https:\/\/staging2.agrelliebasta.it\/wp-content\/uploads\/2026\/03\/lc-partenope-Nature-Experiences-768x432.jpg 768w, https:\/\/staging2.agrelliebasta.it\/wp-content\/uploads\/2026\/03\/lc-partenope-Nature-Experiences.jpg 1080w\" sizes=\"(max-width: 800px) 100vw, 800px\" \/>\t\t\t\t\t\t\t\t\t\t\t\t\t\t\t<\/div>\n\t\t\t\t<div class=\"elementor-element elementor-element-6ab5b46 elementor-widget elementor-widget-heading\" data-id=\"6ab5b46\" data-element_type=\"widget\" data-e-type=\"widget\" data-widget_type=\"heading.default\">\n\t\t\t\t\t<p class=\"elementor-heading-title elementor-size-default\">Naturalistiche<\/p>\t\t\t\t<\/div>\n\t\t\t\t<div class=\"elementor-element elementor-element-197b4d4 elementor-widget elementor-widget-text-editor\" data-id=\"197b4d4\" data-element_type=\"widget\" data-e-type=\"widget\" data-widget_type=\"text-editor.default\">\n\t\t\t\t\t\t\t\t\t<p>Il fuoco del Vesuvio, il mare e le acque termali tra terraferma e isole raccontano un territorio in continua trasformazione.<\/p><p>Escursioni private tra vulcani, parchi e territori interni, navigazioni riservate lungo la costa, accesso a stazioni termali selezionate e percorsi panoramici su misura permettono di attraversarlo con lentezza e profondit\u00e0.<\/p>\t\t\t\t\t\t\t\t<\/div>\n\t\t\t\t<\/div>\n\t\t<div class=\"elementor-element elementor-element-e6625b7 e-con-full e-flex e-con e-child\" data-id=\"e6625b7\" data-element_type=\"container\" data-e-type=\"container\">\n\t\t\t\t<div class=\"elementor-element elementor-element-3378d7a elementor-widget elementor-widget-image\" data-id=\"3378d7a\" data-element_type=\"widget\" data-e-type=\"widget\" data-widget_type=\"image.default\">\n\t\t\t\t\t\t\t\t\t\t\t\t\t\t\t<img loading=\"lazy\" decoding=\"async\" width=\"683\" height=\"1024\" src=\"https:\/\/staging2.agrelliebasta.it\/wp-content\/uploads\/2026\/03\/lc-partenope-Spiritual-Religious-Experiences-683x1024.jpg\" class=\"attachment-large size-large wp-image-692\" alt=\"\" srcset=\"https:\/\/staging2.agrelliebasta.it\/wp-content\/uploads\/2026\/03\/lc-partenope-Spiritual-Religious-Experiences-683x1024.jpg 683w, https:\/\/staging2.agrelliebasta.it\/wp-content\/uploads\/2026\/03\/lc-partenope-Spiritual-Religious-Experiences-200x300.jpg 200w, https:\/\/staging2.agrelliebasta.it\/wp-content\/uploads\/2026\/03\/lc-partenope-Spiritual-Religious-Experiences.jpg 720w\" sizes=\"(max-width: 683px) 100vw, 683px\" \/>\t\t\t\t\t\t\t\t\t\t\t\t\t\t\t<\/div>\n\t\t\t\t<div class=\"elementor-element elementor-element-9513047 elementor-widget elementor-widget-heading\" data-id=\"9513047\" data-element_type=\"widget\" data-e-type=\"widget\" data-widget_type=\"heading.default\">\n\t\t\t\t\t<p class=\"elementor-heading-title elementor-size-default\">Spirituali &amp; Religiose<\/p>\t\t\t\t<\/div>\n\t\t\t\t<div class=\"elementor-element elementor-element-f361362 elementor-widget elementor-widget-text-editor\" data-id=\"f361362\" data-element_type=\"widget\" data-e-type=\"widget\" data-widget_type=\"text-editor.default\">\n\t\t\t\t\t\t\t\t\t<p>Il Tesoro di San Gennaro, monasteri silenziosi e patrimoni ecclesiastici si rivelano attraverso visite private, aperture straordinarie e percorsi esclusivi guidati da specialisti.<\/p><p>Accessi riservati e contesti monastici permettono di attraversare secoli di storia in una dimensione raccolta, dove spiritualit\u00e0 e identit\u00e0 culturale si intrecciano con profondit\u00e0.<\/p>\t\t\t\t\t\t\t\t<\/div>\n\t\t\t\t<\/div>\n\t\t<div class=\"elementor-element elementor-element-8ad64dd e-con-full e-flex e-con e-child\" data-id=\"8ad64dd\" data-element_type=\"container\" data-e-type=\"container\">\n\t\t\t\t<div class=\"elementor-element elementor-element-850a7e1 elementor-widget elementor-widget-image\" data-id=\"850a7e1\" data-element_type=\"widget\" data-e-type=\"widget\" data-widget_type=\"image.default\">\n\t\t\t\t\t\t\t\t\t\t\t\t\t\t\t<img loading=\"lazy\" decoding=\"async\" width=\"800\" height=\"436\" src=\"https:\/\/staging2.agrelliebasta.it\/wp-content\/uploads\/2026\/04\/events_lc_partenope-1.jpg\" class=\"attachment-large size-large wp-image-693\" alt=\"\" \/>\t\t\t\t\t\t\t\t\t\t\t\t\t\t\t<\/div>\n\t\t\t\t<div class=\"elementor-element elementor-element-011663e elementor-widget elementor-widget-heading\" data-id=\"011663e\" data-element_type=\"widget\" data-e-type=\"widget\" data-widget_type=\"heading.default\">\n\t\t\t\t\t<p class=\"elementor-heading-title elementor-size-default\">Lifestyle &amp; Eventi<\/p>\t\t\t\t<\/div>\n\t\t\t\t<div class=\"elementor-element elementor-element-05e088e elementor-widget elementor-widget-text-editor\" data-id=\"05e088e\" data-element_type=\"widget\" data-e-type=\"widget\" data-widget_type=\"text-editor.default\">\n\t\t\t\t\t\t\t\t\t<p>Esperienze su misura, eventi privati, matrimoni e celebrazioni prendono forma in dimore storiche, terrazze panoramiche e yacht riservati.<\/p><p>Cene esclusive, anniversari e incontri corporate vengono orchestrati con sensibilit\u00e0 sartoriale, integrando location, atmosfera e dettagli in un equilibrio coerente e profondamente personale.<\/p>\t\t\t\t\t\t\t\t<\/div>\n\t\t\t\t<\/div>\n\t\t<div class=\"elementor-element elementor-element-76606f2 e-con-full e-flex e-con e-child\" data-id=\"76606f2\" data-element_type=\"container\" data-e-type=\"container\">\n\t\t\t\t<div class=\"elementor-element elementor-element-4189aea elementor-widget elementor-widget-image\" data-id=\"4189aea\" data-element_type=\"widget\" data-e-type=\"widget\" data-widget_type=\"image.default\">\n\t\t\t\t\t\t\t\t\t\t\t\t\t\t\t<img loading=\"lazy\" decoding=\"async\" width=\"800\" height=\"480\" src=\"https:\/\/staging2.agrelliebasta.it\/wp-content\/uploads\/2026\/04\/lc-partenope-calzolaio-1024x614.jpg\" class=\"attachment-large size-large wp-image-694\" alt=\"\" srcset=\"https:\/\/staging2.agrelliebasta.it\/wp-content\/uploads\/2026\/04\/lc-partenope-calzolaio-1024x614.jpg 1024w, https:\/\/staging2.agrelliebasta.it\/wp-content\/uploads\/2026\/04\/lc-partenope-calzolaio-300x180.jpg 300w, https:\/\/staging2.agrelliebasta.it\/wp-content\/uploads\/2026\/04\/lc-partenope-calzolaio-768x460.jpg 768w, https:\/\/staging2.agrelliebasta.it\/wp-content\/uploads\/2026\/04\/lc-partenope-calzolaio.jpg 1281w\" sizes=\"(max-width: 800px) 100vw, 800px\" \/>\t\t\t\t\t\t\t\t\t\t\t\t\t\t\t<\/div>\n\t\t\t\t<div class=\"elementor-element elementor-element-8c97a38 elementor-widget elementor-widget-heading\" data-id=\"8c97a38\" data-element_type=\"widget\" data-e-type=\"widget\" data-widget_type=\"heading.default\">\n\t\t\t\t\t<p class=\"elementor-heading-title elementor-size-default\">Sartoriali &amp; Artigianali<\/p>\t\t\t\t<\/div>\n\t\t\t\t<div class=\"elementor-element elementor-element-1d4ecc2 elementor-widget elementor-widget-text-editor\" data-id=\"1d4ecc2\" data-element_type=\"widget\" data-e-type=\"widget\" data-widget_type=\"text-editor.default\">\n\t\t\t\t\t\t\t\t\t<p>Il Viaggio Sartoriale Napoletano prende forma attraverso accessi privati a camicerie storiche, sartorie d\u2019eccellenza, laboratori di pelletteria e maestri calzolai, oltre a trunk show in location esclusive.<\/p><p>Un percorso nella cultura materiale napoletana, tra gesti antichi e visione contemporanea, dove eleganza, manualit\u00e0 e autenticit\u00e0 si trasformano in un\u2019esperienza personale.<\/p>\t\t\t\t\t\t\t\t<\/div>\n\t\t\t\t<\/div>\n\t\t\t\t<\/div>\n\t\t\t\t\t<\/div>\n\t\t\t\t<\/div>\n\t\t\t\t<\/div>\n\t\t","protected":false},"excerpt":{"rendered":"<p>Un territorio. molte interpretazioni Arte, archeologia, spiritualit\u00e0, tradizione enogastronomica, cultura sartoriale e artigianale confluiscono in un disegno costruito su misura. ESPLORA Queste esperienze non definiscono un percorso.Lo aprono. Sono accessi, incontri e prospettive che si modellano attorno alla persona, prendendo forma in modo diverso per ogni viaggiatore. LC Parthenope seleziona e orchestra momenti che permettono [&hellip;]<\/p>\n","protected":false},"author":1,"featured_media":0,"parent":0,"menu_order":0,"comment_status":"closed","ping_status":"closed","template":"","meta":{"footnotes":""},"class_list":["post-744","page","type-page","status-publish","hentry"],"_links":{"self":[{"href":"https:\/\/staging2.agrelliebasta.it\/it\/wp-json\/wp\/v2\/pages\/744","targetHints":{"allow":["GET"]}}],"collection":[{"href":"https:\/\/staging2.agrelliebasta.it\/it\/wp-json\/wp\/v2\/pages"}],"about":[{"href":"https:\/\/staging2.agrelliebasta.it\/it\/wp-json\/wp\/v2\/types\/page"}],"author":[{"embeddable":true,"href":"https:\/\/staging2.agrelliebasta.it\/it\/wp-json\/wp\/v2\/users\/1"}],"replies":[{"embeddable":true,"href":"https:\/\/staging2.agrelliebasta.it\/it\/wp-json\/wp\/v2\/comments?post=744"}],"version-history":[{"count":3,"href":"https:\/\/staging2.agrelliebasta.it\/it\/wp-json\/wp\/v2\/pages\/744\/revisions"}],"predecessor-version":[{"id":751,"href":"https:\/\/staging2.agrelliebasta.it\/it\/wp-json\/wp\/v2\/pages\/744\/revisions\/751"}],"wp:attachment":[{"href":"https:\/\/staging2.agrelliebasta.it\/it\/wp-json\/wp\/v2\/media?parent=744"}],"curies":[{"name":"wp","href":"https:\/\/api.w.org\/{rel}","templated":true}]}}