{"id":721,"date":"2026-03-11T18:02:56","date_gmt":"2026-03-11T18:02:56","guid":{"rendered":"https:\/\/staging2.agrelliebasta.it\/chi-siamo\/"},"modified":"2026-05-07T09:05:48","modified_gmt":"2026-05-07T09:05:48","slug":"chi-siamo","status":"publish","type":"page","link":"https:\/\/staging2.agrelliebasta.it\/it\/chi-siamo\/","title":{"rendered":"Chi siamo"},"content":{"rendered":"\t\t<div data-elementor-type=\"wp-page\" data-elementor-id=\"721\" class=\"elementor elementor-721 elementor-75\" data-elementor-post-type=\"page\">\n\t\t\t\t<div class=\"elementor-element elementor-element-f22cdf6 e-flex e-con-boxed e-con e-parent\" data-id=\"f22cdf6\" data-element_type=\"container\" data-e-type=\"container\" data-settings=\"{&quot;background_background&quot;:&quot;classic&quot;}\">\n\t\t\t\t\t<div class=\"e-con-inner\">\n\t\t\t\t<div class=\"elementor-element elementor-element-55ec192 elementor-widget elementor-widget-heading\" data-id=\"55ec192\" data-element_type=\"widget\" data-e-type=\"widget\" data-widget_type=\"heading.default\">\n\t\t\t\t\t<h1 class=\"elementor-heading-title elementor-size-default\">Philosophy &amp; Heritage<\/h1>\t\t\t\t<\/div>\n\t\t\t\t<div class=\"elementor-element elementor-element-4682bd2 elementor-widget elementor-widget-text-editor\" data-id=\"4682bd2\" data-element_type=\"widget\" data-e-type=\"widget\" data-widget_type=\"text-editor.default\">\n\t\t\t\t\t\t\t\t\t<p>Ogni citt\u00e0 si mostra. Napoli si rivela. <\/p>\t\t\t\t\t\t\t\t<\/div>\n\t\t\t\t\t<\/div>\n\t\t\t\t<\/div>\n\t\t<div class=\"elementor-element elementor-element-9db540f e-flex e-con-boxed e-con e-parent\" data-id=\"9db540f\" data-element_type=\"container\" data-e-type=\"container\">\n\t\t\t\t\t<div class=\"e-con-inner\">\n\t\t<div class=\"elementor-element elementor-element-fcc3c80 e-con-full e-flex e-con e-child\" data-id=\"fcc3c80\" data-element_type=\"container\" data-e-type=\"container\">\n\t\t\t\t<div class=\"elementor-element elementor-element-333f958 elementor-widget elementor-widget-image\" data-id=\"333f958\" data-element_type=\"widget\" data-e-type=\"widget\" data-widget_type=\"image.default\">\n\t\t\t\t\t\t\t\t\t\t\t\t\t\t\t<img fetchpriority=\"high\" decoding=\"async\" width=\"800\" height=\"534\" src=\"https:\/\/staging2.agrelliebasta.it\/wp-content\/uploads\/2026\/03\/lc-partenope-philosophy-1024x683.jpg\" class=\"attachment-large size-large wp-image-718\" alt=\"\" srcset=\"https:\/\/staging2.agrelliebasta.it\/wp-content\/uploads\/2026\/03\/lc-partenope-philosophy-1024x683.jpg 1024w, https:\/\/staging2.agrelliebasta.it\/wp-content\/uploads\/2026\/03\/lc-partenope-philosophy-300x200.jpg 300w, https:\/\/staging2.agrelliebasta.it\/wp-content\/uploads\/2026\/03\/lc-partenope-philosophy-768x512.jpg 768w, https:\/\/staging2.agrelliebasta.it\/wp-content\/uploads\/2026\/03\/lc-partenope-philosophy-1536x1024.jpg 1536w, https:\/\/staging2.agrelliebasta.it\/wp-content\/uploads\/2026\/03\/lc-partenope-philosophy.jpg 1920w\" sizes=\"(max-width: 800px) 100vw, 800px\" \/>\t\t\t\t\t\t\t\t\t\t\t\t\t\t\t<\/div>\n\t\t\t\t<\/div>\n\t\t<div class=\"elementor-element elementor-element-0e78fea e-con-full e-flex e-con e-child\" data-id=\"0e78fea\" data-element_type=\"container\" data-e-type=\"container\">\n\t\t\t\t<div class=\"elementor-element elementor-element-3945afa elementor-widget elementor-widget-heading\" data-id=\"3945afa\" data-element_type=\"widget\" data-e-type=\"widget\" data-widget_type=\"heading.default\">\n\t\t\t\t\t<h4 class=\"elementor-heading-title elementor-size-default\">Philosophy<\/h4>\t\t\t\t<\/div>\n\t\t\t\t<div class=\"elementor-element elementor-element-1808b9f elementor-widget elementor-widget-text-editor\" data-id=\"1808b9f\" data-element_type=\"widget\" data-e-type=\"widget\" data-widget_type=\"text-editor.default\">\n\t\t\t\t\t\t\t\t\t<p>Stratificata, complessa, luminosa e riservata allo stesso tempo, Napoli custodisce dimensioni che si svelano solo a chi \u00e8 disposto ad attraversarla con attenzione.<\/p><p>LC Parthenope nasce per interpretarla con profondit\u00e0 e misura, offrendo accesso a una dimensione pi\u00f9 autentica del territorio.<\/p>\t\t\t\t\t\t\t\t<\/div>\n\t\t\t\t<div class=\"elementor-element elementor-element-23142ba elementor-widget-divider--view-line elementor-widget elementor-widget-divider\" data-id=\"23142ba\" data-element_type=\"widget\" data-e-type=\"widget\" data-widget_type=\"divider.default\">\n\t\t\t\t\t\t\t<div class=\"elementor-divider\">\n\t\t\t<span class=\"elementor-divider-separator\">\n\t\t\t\t\t\t<\/span>\n\t\t<\/div>\n\t\t\t\t\t\t<\/div>\n\t\t\t\t<div class=\"elementor-element elementor-element-d1af1a3 elementor-widget elementor-widget-text-editor\" data-id=\"d1af1a3\" data-element_type=\"widget\" data-e-type=\"widget\" data-widget_type=\"text-editor.default\">\n\t\t\t\t\t\t\t\t\t<p><em>Non la Napoli mostrata. La Napoli vissuta. <\/em><\/p>\t\t\t\t\t\t\t\t<\/div>\n\t\t\t\t<\/div>\n\t\t\t\t\t<\/div>\n\t\t\t\t<\/div>\n\t\t<div class=\"elementor-element elementor-element-a34fab6 e-flex e-con-boxed e-con e-parent\" data-id=\"a34fab6\" data-element_type=\"container\" data-e-type=\"container\" data-settings=\"{&quot;background_background&quot;:&quot;classic&quot;}\">\n\t\t\t\t\t<div class=\"e-con-inner\">\n\t\t\t\t<div class=\"elementor-element elementor-element-0300ac7 elementor-widget-divider--view-line elementor-widget elementor-widget-divider\" data-id=\"0300ac7\" data-element_type=\"widget\" data-e-type=\"widget\" data-widget_type=\"divider.default\">\n\t\t\t\t\t\t\t<div class=\"elementor-divider\">\n\t\t\t<span class=\"elementor-divider-separator\">\n\t\t\t\t\t\t<\/span>\n\t\t<\/div>\n\t\t\t\t\t\t<\/div>\n\t\t\t\t<div class=\"elementor-element elementor-element-4b5a392 elementor-widget elementor-widget-heading\" data-id=\"4b5a392\" data-element_type=\"widget\" data-e-type=\"widget\" data-widget_type=\"heading.default\">\n\t\t\t\t\t<p class=\"elementor-heading-title elementor-size-default\">THE CONCEPT<\/p>\t\t\t\t<\/div>\n\t\t\t\t<div class=\"elementor-element elementor-element-869f640 gsap-text-reveal elementor-widget elementor-widget-heading\" data-id=\"869f640\" data-element_type=\"widget\" data-e-type=\"widget\" data-widget_type=\"heading.default\">\n\t\t\t\t\t<h4 class=\"elementor-heading-title elementor-size-default\"><i>\u201cCrediamo che il vero lusso sia l\u2019accesso: a luoghi custoditi, relazioni consolidate e momenti che non appartengono ai percorsi convenzionali.\u201d<\/i><\/h4>\t\t\t\t<\/div>\n\t\t\t\t<div class=\"elementor-element elementor-element-ef3de6b elementor-widget-divider--view-line elementor-widget elementor-widget-divider\" data-id=\"ef3de6b\" data-element_type=\"widget\" data-e-type=\"widget\" data-widget_type=\"divider.default\">\n\t\t\t\t\t\t\t<div class=\"elementor-divider\">\n\t\t\t<span class=\"elementor-divider-separator\">\n\t\t\t\t\t\t<\/span>\n\t\t<\/div>\n\t\t\t\t\t\t<\/div>\n\t\t\t\t\t<\/div>\n\t\t\t\t<\/div>\n\t\t<div class=\"elementor-element elementor-element-8a1afb6 e-flex e-con-boxed e-con e-parent\" data-id=\"8a1afb6\" data-element_type=\"container\" data-e-type=\"container\">\n\t\t\t\t\t<div class=\"e-con-inner\">\n\t\t<div class=\"elementor-element elementor-element-8352da5 e-con-full e-flex e-con e-child\" data-id=\"8352da5\" data-element_type=\"container\" data-e-type=\"container\">\n\t\t<div class=\"elementor-element elementor-element-701d71f e-con-full e-flex e-con e-child\" data-id=\"701d71f\" data-element_type=\"container\" data-e-type=\"container\">\n\t\t\t\t<div class=\"elementor-element elementor-element-015e99c elementor-widget elementor-widget-heading\" data-id=\"015e99c\" data-element_type=\"widget\" data-e-type=\"widget\" data-widget_type=\"heading.default\">\n\t\t\t\t\t<h4 class=\"elementor-heading-title elementor-size-default\">Identit\u00e0<\/h4>\t\t\t\t<\/div>\n\t\t\t\t<div class=\"elementor-element elementor-element-3f6202f elementor-widget-divider--view-line elementor-widget elementor-widget-divider\" data-id=\"3f6202f\" data-element_type=\"widget\" data-e-type=\"widget\" data-widget_type=\"divider.default\">\n\t\t\t\t\t\t\t<div class=\"elementor-divider\">\n\t\t\t<span class=\"elementor-divider-separator\">\n\t\t\t\t\t\t<\/span>\n\t\t<\/div>\n\t\t\t\t\t\t<\/div>\n\t\t\t\t<div class=\"elementor-element elementor-element-713caf7 elementor-widget elementor-widget-image\" data-id=\"713caf7\" data-element_type=\"widget\" data-e-type=\"widget\" data-widget_type=\"image.default\">\n\t\t\t\t\t\t\t\t\t\t\t\t\t\t\t<img decoding=\"async\" width=\"800\" height=\"534\" src=\"https:\/\/staging2.agrelliebasta.it\/wp-content\/uploads\/2026\/03\/lc-partenope-ideology-1024x683.jpg\" class=\"attachment-large size-large wp-image-719\" alt=\"\" srcset=\"https:\/\/staging2.agrelliebasta.it\/wp-content\/uploads\/2026\/03\/lc-partenope-ideology-1024x683.jpg 1024w, https:\/\/staging2.agrelliebasta.it\/wp-content\/uploads\/2026\/03\/lc-partenope-ideology-300x200.jpg 300w, https:\/\/staging2.agrelliebasta.it\/wp-content\/uploads\/2026\/03\/lc-partenope-ideology-768x512.jpg 768w, https:\/\/staging2.agrelliebasta.it\/wp-content\/uploads\/2026\/03\/lc-partenope-ideology-1536x1024.jpg 1536w, https:\/\/staging2.agrelliebasta.it\/wp-content\/uploads\/2026\/03\/lc-partenope-ideology.jpg 1920w\" sizes=\"(max-width: 800px) 100vw, 800px\" \/>\t\t\t\t\t\t\t\t\t\t\t\t\t\t\t<\/div>\n\t\t\t\t<\/div>\n\t\t<div class=\"elementor-element elementor-element-f3a0986 e-con-full e-flex e-con e-child\" data-id=\"f3a0986\" data-element_type=\"container\" data-e-type=\"container\">\n\t\t\t\t<div class=\"elementor-element elementor-element-209aec0 elementor-widget elementor-widget-text-editor\" data-id=\"209aec0\" data-element_type=\"widget\" data-e-type=\"widget\" data-widget_type=\"text-editor.default\">\n\t\t\t\t\t\t\t\t\t<p>LC Parthenope \u00e8 un atelier di travel design.<\/p><p>Ogni progetto prende forma attorno alla persona, non attorno a un itinerario predefinito.<\/p><p>Ogni viaggio nasce da un dialogo riservato e si sviluppa come una creazione su misura.<\/p><p>Operiamo con sensibilit\u00e0 curatoriale e precisione discreta, trasformando il territorio in un racconto personale.<\/p>\t\t\t\t\t\t\t\t<\/div>\n\t\t\t\t<\/div>\n\t\t\t\t<\/div>\n\t\t\t\t\t<\/div>\n\t\t\t\t<\/div>\n\t\t<div class=\"elementor-element elementor-element-3eabe99 e-flex e-con-boxed elementor-invisible e-con e-parent\" data-id=\"3eabe99\" data-element_type=\"container\" data-e-type=\"container\" data-settings=\"{&quot;animation&quot;:&quot;fadeInUp&quot;}\">\n\t\t\t\t\t<div class=\"e-con-inner\">\n\t\t<div class=\"elementor-element elementor-element-acc578d e-con-full e-flex e-con e-child\" data-id=\"acc578d\" data-element_type=\"container\" data-e-type=\"container\" data-settings=\"{&quot;background_background&quot;:&quot;classic&quot;}\">\n\t\t\t\t<\/div>\n\t\t<div class=\"elementor-element elementor-element-1637c9b e-con-full e-flex e-con e-child\" data-id=\"1637c9b\" data-element_type=\"container\" data-e-type=\"container\">\n\t\t\t\t<div class=\"elementor-element elementor-element-e4243bd elementor-widget elementor-widget-heading\" data-id=\"e4243bd\" data-element_type=\"widget\" data-e-type=\"widget\" data-widget_type=\"heading.default\">\n\t\t\t\t\t<h4 class=\"elementor-heading-title elementor-size-default\">Heritage Internazionale<\/h4>\t\t\t\t<\/div>\n\t\t\t\t<div class=\"elementor-element elementor-element-6cc5642 elementor-widget elementor-widget-text-editor\" data-id=\"6cc5642\" data-element_type=\"widget\" data-e-type=\"widget\" data-widget_type=\"text-editor.default\">\n\t\t\t\t\t\t\t\t\t<p>Atelier by Luxury Connoisseurs, LC Parthenope eredita oltre vent\u2019anni di esperienza nel segmento high-end e una rete globale consolidata nel luxury travel internazionale.<\/p><p>Una visione costruita tra destinazioni emergenti, hospitality di alta gamma e relazioni istituzionali, oggi reinterpretata nel cuore del Mediterraneo<\/p><p><span style=\"color: #c5a065;\">RADICI MEDITERRANEE. VISIONE INTERNAZIONALE. <\/span><\/p>\t\t\t\t\t\t\t\t<\/div>\n\t\t\t\t<\/div>\n\t\t\t\t\t<\/div>\n\t\t\t\t<\/div>\n\t\t\t\t<\/div>\n\t\t","protected":false},"excerpt":{"rendered":"<p>Philosophy &amp; Heritage Ogni citt\u00e0 si mostra. Napoli si rivela. Philosophy Stratificata, complessa, luminosa e riservata allo stesso tempo, Napoli custodisce dimensioni che si svelano solo a chi \u00e8 disposto ad attraversarla con attenzione. LC Parthenope nasce per interpretarla con profondit\u00e0 e misura, offrendo accesso a una dimensione pi\u00f9 autentica del territorio. Non la Napoli [&hellip;]<\/p>\n","protected":false},"author":1,"featured_media":0,"parent":0,"menu_order":0,"comment_status":"closed","ping_status":"closed","template":"","meta":{"footnotes":""},"class_list":["post-721","page","type-page","status-publish","hentry"],"_links":{"self":[{"href":"https:\/\/staging2.agrelliebasta.it\/it\/wp-json\/wp\/v2\/pages\/721","targetHints":{"allow":["GET"]}}],"collection":[{"href":"https:\/\/staging2.agrelliebasta.it\/it\/wp-json\/wp\/v2\/pages"}],"about":[{"href":"https:\/\/staging2.agrelliebasta.it\/it\/wp-json\/wp\/v2\/types\/page"}],"author":[{"embeddable":true,"href":"https:\/\/staging2.agrelliebasta.it\/it\/wp-json\/wp\/v2\/users\/1"}],"replies":[{"embeddable":true,"href":"https:\/\/staging2.agrelliebasta.it\/it\/wp-json\/wp\/v2\/comments?post=721"}],"version-history":[{"count":1,"href":"https:\/\/staging2.agrelliebasta.it\/it\/wp-json\/wp\/v2\/pages\/721\/revisions"}],"predecessor-version":[{"id":722,"href":"https:\/\/staging2.agrelliebasta.it\/it\/wp-json\/wp\/v2\/pages\/721\/revisions\/722"}],"wp:attachment":[{"href":"https:\/\/staging2.agrelliebasta.it\/it\/wp-json\/wp\/v2\/media?parent=721"}],"curies":[{"name":"wp","href":"https:\/\/api.w.org\/{rel}","templated":true}]}}